{"id":127,"date":"2026-01-12T17:16:14","date_gmt":"2026-01-12T16:16:14","guid":{"rendered":"http:\/\/amora.com.pl\/?post_type=product&#038;p=127"},"modified":"2026-01-23T22:18:17","modified_gmt":"2026-01-23T21:18:17","slug":"ekskluzywny-bukiet-kwiatow-mydlanych-w-eleganckim-flowerboxie","status":"publish","type":"product","link":"https:\/\/amora.com.pl\/index.php\/produkt\/ekskluzywny-bukiet-kwiatow-mydlanych-w-eleganckim-flowerboxie\/","title":{"rendered":"Ekskluzywny bukiet kwiat\u00f3w mydlanych w eleganckim flowerboxie"},"content":{"rendered":"<p data-start=\"178\" data-end=\"264\">Podaruj co\u015b wi\u0119cej ni\u017c kwiaty.<br data-start=\"208\" data-end=\"211\" \/>Podaruj <strong data-start=\"219\" data-end=\"239\">wra\u017cenie luksusu<\/strong>, kt\u00f3re zostaje na d\u0142ugo.<\/p>\n<hr data-start=\"266\" data-end=\"269\" \/>\n<p data-start=\"271\" data-end=\"444\">Ten wyj\u0105tkowy bukiet kwiat\u00f3w mydlanych zachwyca perfekcyjn\u0105 form\u0105, estetyk\u0105 wykonania i ponadczasow\u0105 elegancj\u0105. To idealny wyb\u00f3r dla os\u00f3b, kt\u00f3re ceni\u0105 styl, jako\u015b\u0107 i detale.<\/p>\n<hr data-start=\"446\" data-end=\"449\" \/>\n<p data-start=\"451\" data-end=\"481\"><strong data-start=\"451\" data-end=\"481\">Pi\u0119kno, kt\u00f3re nie przemija<\/strong><\/p>\n<hr data-start=\"483\" data-end=\"486\" \/>\n<p data-start=\"488\" data-end=\"646\">Kwiaty mydlane nie wi\u0119dn\u0105, nie trac\u0105 koloru i nie wymagaj\u0105 piel\u0119gnacji. Zawsze wygl\u0105daj\u0105 nienagannie \u2014 dok\u0142adnie tak, jak w dniu, w kt\u00f3rym zosta\u0142y podarowane.<\/p>\n<hr data-start=\"648\" data-end=\"651\" \/>\n<p data-start=\"653\" data-end=\"684\"><strong data-start=\"653\" data-end=\"684\">Idealne proporcje elegancji<\/strong><\/p>\n<hr data-start=\"686\" data-end=\"689\" \/>\n<p data-start=\"691\" data-end=\"738\">\u2022 \u015arednica: <strong data-start=\"703\" data-end=\"714\">13,5 cm<\/strong><br data-start=\"714\" data-end=\"717\" \/>\u2022 Wysoko\u015b\u0107: <strong data-start=\"729\" data-end=\"738\">13 cm<\/strong><\/p>\n<p data-start=\"740\" data-end=\"809\">Perfekcyjny rozmiar, kt\u00f3ry doskonale prezentuje si\u0119 w ka\u017cdym wn\u0119trzu.<\/p>\n<hr data-start=\"811\" data-end=\"814\" \/>\n<p data-start=\"816\" data-end=\"846\"><strong data-start=\"816\" data-end=\"846\">Prezent, kt\u00f3ry m\u00f3wi wi\u0119cej<\/strong><\/p>\n<hr data-start=\"848\" data-end=\"851\" \/>\n<p data-start=\"853\" data-end=\"1041\">Flowerbox sprawdzi si\u0119 idealnie jako prezent na urodziny, rocznic\u0119, Dzie\u0144 Kobiet, Walentynki lub wyj\u0105tkowy gest bez okazji. To gotowa forma luksusowego upominku \u2014 bez dodatkowych opakowa\u0144.<\/p>\n<hr data-start=\"1043\" data-end=\"1046\" \/>\n<p data-start=\"1048\" data-end=\"1090\"><strong data-start=\"1048\" data-end=\"1090\">Zr\u00f3b wra\u017cenie od pierwszego spojrzenia<\/strong><\/p>\n<hr data-start=\"1092\" data-end=\"1095\" \/>\n<p data-start=\"1097\" data-end=\"1225\">Dodaj ten wyj\u0105tkowy flowerbox <strong data-start=\"1127\" data-end=\"1136\">AMORA<\/strong> do koszyka i podaruj bliskiej osobie prezent, kt\u00f3ry zachwyca wygl\u0105dem, jako\u015bci\u0105 i klas\u0105.<\/p>\n","protected":false},"excerpt":{"rendered":"<p>Podaruj co\u015b wi\u0119cej ni\u017c kwiaty.Podaruj wra\u017cenie luksusu, kt\u00f3re zostaje na d\u0142ugo. Ten wyj\u0105tkowy bukiet kwiat\u00f3w mydlanych zachwyca perfekcyjn\u0105 form\u0105, estetyk\u0105 wykonania i ponadczasow\u0105 elegancj\u0105. To idealny wyb\u00f3r dla os\u00f3b, kt\u00f3re ceni\u0105 styl, jako\u015b\u0107 i detale. Pi\u0119kno, kt\u00f3re nie przemija Kwiaty mydlane nie wi\u0119dn\u0105, nie trac\u0105 koloru i nie wymagaj\u0105 piel\u0119gnacji. Zawsze wygl\u0105daj\u0105 nienagannie \u2014 dok\u0142adnie [&hellip;]<\/p>\n","protected":false},"featured_media":130,"comment_status":"open","ping_status":"closed","template":"","meta":{"ocean_post_layout":"","ocean_both_sidebars_style":"","ocean_both_sidebars_content_width":0,"ocean_both_sidebars_sidebars_width":0,"ocean_sidebar":"0","ocean_second_sidebar":"0","ocean_disable_margins":"enable","ocean_add_body_class":"","ocean_shortcode_before_top_bar":"","ocean_shortcode_after_top_bar":"","ocean_shortcode_before_header":"","ocean_shortcode_after_header":"","ocean_has_shortcode":"","ocean_shortcode_after_title":"","ocean_shortcode_before_footer_widgets":"","ocean_shortcode_after_footer_widgets":"","ocean_shortcode_before_footer_bottom":"","ocean_shortcode_after_footer_bottom":"","ocean_display_top_bar":"default","ocean_display_header":"default","ocean_header_style":"","ocean_center_header_left_menu":"0","ocean_custom_header_template":"0","ocean_custom_logo":0,"ocean_custom_retina_logo":0,"ocean_custom_logo_max_width":0,"ocean_custom_logo_tablet_max_width":0,"ocean_custom_logo_mobile_max_width":0,"ocean_custom_logo_max_height":0,"ocean_custom_logo_tablet_max_height":0,"ocean_custom_logo_mobile_max_height":0,"ocean_header_custom_menu":"0","ocean_menu_typo_font_family":"0","ocean_menu_typo_font_subset":"","ocean_menu_typo_font_size":0,"ocean_menu_typo_font_size_tablet":0,"ocean_menu_typo_font_size_mobile":0,"ocean_menu_typo_font_size_unit":"px","ocean_menu_typo_font_weight":"","ocean_menu_typo_font_weight_tablet":"","ocean_menu_typo_font_weight_mobile":"","ocean_menu_typo_transform":"","ocean_menu_typo_transform_tablet":"","ocean_menu_typo_transform_mobile":"","ocean_menu_typo_line_height":0,"ocean_menu_typo_line_height_tablet":0,"ocean_menu_typo_line_height_mobile":0,"ocean_menu_typo_line_height_unit":"","ocean_menu_typo_spacing":0,"ocean_menu_typo_spacing_tablet":0,"ocean_menu_typo_spacing_mobile":0,"ocean_menu_typo_spacing_unit":"","ocean_menu_link_color":"","ocean_menu_link_color_hover":"","ocean_menu_link_color_active":"","ocean_menu_link_background":"","ocean_menu_link_hover_background":"","ocean_menu_link_active_background":"","ocean_menu_social_links_bg":"","ocean_menu_social_hover_links_bg":"","ocean_menu_social_links_color":"","ocean_menu_social_hover_links_color":"","ocean_disable_title":"default","ocean_disable_heading":"default","ocean_post_title":"","ocean_post_subheading":"","ocean_post_title_style":"","ocean_post_title_background_color":"","ocean_post_title_background":0,"ocean_post_title_bg_image_position":"","ocean_post_title_bg_image_attachment":"","ocean_post_title_bg_image_repeat":"","ocean_post_title_bg_image_size":"","ocean_post_title_height":0,"ocean_post_title_bg_overlay":0.5,"ocean_post_title_bg_overlay_color":"","ocean_disable_breadcrumbs":"default","ocean_breadcrumbs_color":"","ocean_breadcrumbs_separator_color":"","ocean_breadcrumbs_links_color":"","ocean_breadcrumbs_links_hover_color":"","ocean_display_footer_widgets":"default","ocean_display_footer_bottom":"default","ocean_custom_footer_template":"0"},"product_brand":[],"product_cat":[24,15],"product_tag":[38,29,30],"class_list":{"0":"post-127","1":"product","2":"type-product","3":"status-publish","4":"has-post-thumbnail","6":"product_cat-wieczna-roze","7":"product_cat-wszystkie-produkty","8":"product_tag-dla-niej","9":"product_tag-romantyczny-prezent","10":"product_tag-wyjatkowy-prezent-dla-niej","12":"entry","13":"has-media","15":"first","16":"instock","17":"downloadable","18":"shipping-taxable","19":"purchasable","20":"product-type-simple","21":"has-product-nav","22":"col","23":"span_1_of_4","24":"owp-content-center","25":"owp-thumbs-layout-horizontal","26":"owp-btn-normal","27":"owp-tabs-layout-horizontal"},"jetpack_sharing_enabled":true,"_links":{"self":[{"href":"https:\/\/amora.com.pl\/index.php\/wp-json\/wp\/v2\/product\/127","targetHints":{"allow":["GET"]}}],"collection":[{"href":"https:\/\/amora.com.pl\/index.php\/wp-json\/wp\/v2\/product"}],"about":[{"href":"https:\/\/amora.com.pl\/index.php\/wp-json\/wp\/v2\/types\/product"}],"replies":[{"embeddable":true,"href":"https:\/\/amora.com.pl\/index.php\/wp-json\/wp\/v2\/comments?post=127"}],"wp:featuredmedia":[{"embeddable":true,"href":"https:\/\/amora.com.pl\/index.php\/wp-json\/wp\/v2\/media\/130"}],"wp:attachment":[{"href":"https:\/\/amora.com.pl\/index.php\/wp-json\/wp\/v2\/media?parent=127"}],"wp:term":[{"taxonomy":"product_brand","embeddable":true,"href":"https:\/\/amora.com.pl\/index.php\/wp-json\/wp\/v2\/product_brand?post=127"},{"taxonomy":"product_cat","embeddable":true,"href":"https:\/\/amora.com.pl\/index.php\/wp-json\/wp\/v2\/product_cat?post=127"},{"taxonomy":"product_tag","embeddable":true,"href":"https:\/\/amora.com.pl\/index.php\/wp-json\/wp\/v2\/product_tag?post=127"}],"curies":[{"name":"wp","href":"https:\/\/api.w.org\/{rel}","templated":true}]}}