{"id":8,"date":"2026-01-09T11:35:09","date_gmt":"2026-01-09T10:35:09","guid":{"rendered":"http:\/\/amora.com.pl\/index.php\/koszyk\/"},"modified":"2026-01-19T16:21:41","modified_gmt":"2026-01-19T15:21:41","slug":"koszyk","status":"publish","type":"page","link":"https:\/\/amora.com.pl\/index.php\/koszyk\/","title":{"rendered":"Koszyk"},"content":{"rendered":"\n<div data-block-name=\"woocommerce\/cart\" class=\"wp-block-woocommerce-cart alignwide is-loading\">\n<div data-block-name=\"woocommerce\/filled-cart-block\" class=\"wp-block-woocommerce-filled-cart-block\">\n<div data-block-name=\"woocommerce\/cart-items-block\" class=\"wp-block-woocommerce-cart-items-block\">\n<div data-block-name=\"woocommerce\/cart-line-items-block\" class=\"wp-block-woocommerce-cart-line-items-block\"><\/div>\n\n\n<\/div>\n\n\n\n\n<div data-block-name=\"woocommerce\/cart-totals-block\" class=\"wp-block-woocommerce-cart-totals-block\">\n<div data-block-name=\"woocommerce\/cart-order-summary-block\" class=\"wp-block-woocommerce-cart-order-summary-block\">\n<div data-block-name=\"woocommerce\/cart-order-summary-heading-block\" class=\"wp-block-woocommerce-cart-order-summary-heading-block\"><\/div><div data-block-name=\"woocommerce\/cart-order-summary-coupon-form-block\" class=\"wp-block-woocommerce-cart-order-summary-coupon-form-block\"><\/div><div data-block-name=\"woocommerce\/cart-order-summary-totals-block\" class=\"wp-block-woocommerce-cart-order-summary-totals-block\">\n<div data-block-name=\"woocommerce\/cart-order-summary-subtotal-block\" class=\"wp-block-woocommerce-cart-order-summary-subtotal-block\"><\/div>\n<div data-block-name=\"woocommerce\/cart-order-summary-discount-block\" class=\"wp-block-woocommerce-cart-order-summary-discount-block\"><\/div>\n<div data-block-name=\"woocommerce\/cart-order-summary-fee-block\" class=\"wp-block-woocommerce-cart-order-summary-fee-block\"><\/div>\n<div data-block-name=\"woocommerce\/cart-order-summary-shipping-block\" class=\"wp-block-woocommerce-cart-order-summary-shipping-block\"><\/div>\n<div data-block-name=\"woocommerce\/cart-order-summary-taxes-block\" class=\"wp-block-woocommerce-cart-order-summary-taxes-block\"><\/div><\/div>\n<\/div>\n\n\n\n<div data-block-name=\"woocommerce\/cart-express-payment-block\" class=\"wp-block-woocommerce-cart-express-payment-block\"><\/div>\n\n\n\n<div data-block-name=\"woocommerce\/proceed-to-checkout-block\" class=\"wp-block-woocommerce-proceed-to-checkout-block\"><\/div>\n\n\n\n<div data-block-name=\"woocommerce\/cart-accepted-payment-methods-block\" class=\"wp-block-woocommerce-cart-accepted-payment-methods-block\"><\/div>\n<\/div>\n<\/div>\n\n\n\n<div data-block-name=\"woocommerce\/empty-cart-block\" class=\"wp-block-woocommerce-empty-cart-block\">\n<h2 class=\"wp-block-heading has-text-align-center with-empty-cart-icon wc-block-cart__empty-cart__title\">Tw\u00f3j koszyk jest obecnie pusty!<\/h2>\n\n\n\n<hr class=\"wp-block-separator has-alpha-channel-opacity is-style-dots\"\/>\n\n\n\n<h2 class=\"wp-block-heading has-text-align-center\">Nowe w sklepie<\/h2>\n\n\n<div data-block-name=\"woocommerce\/product-new\" data-columns=\"4\" data-rows=\"1\" class=\"wc-block-grid wp-block-product-new wp-block-woocommerce-product-new wc-block-product-new has-4-columns\"><ul class=\"wc-block-grid__products\"><li class=\"wc-block-grid__product\">\n\t\t\t\t<a href=\"https:\/\/amora.com.pl\/index.php\/produkt\/mis-swiecacy-led-z-sercem-na-walentynki-15-cm\/\" class=\"wc-block-grid__product-link\">\n\t\t\t\t\t<div class=\"wc-block-grid__product-onsale\">\n\t\t\t<span aria-hidden=\"true\">Promocja<\/span>\n\t\t\t<span class=\"screen-reader-text\">Produkt w promocji<\/span>\n\t\t<\/div>\n\t\t\t\t\t<div class=\"wc-block-grid__product-image\"><img fetchpriority=\"high\" decoding=\"async\" width=\"300\" height=\"300\" src=\"https:\/\/amora.com.pl\/wp-content\/uploads\/2026\/01\/500_500_productGfx_4c1ee2891846ecc9f866d5f289b0e717-300x300.jpg\" class=\"attachment-woocommerce_thumbnail size-woocommerce_thumbnail\" alt=\"Mi\u015b \u015bwiec\u0105cy LED z sercem na Walentynki 15 cm\" srcset=\"https:\/\/amora.com.pl\/wp-content\/uploads\/2026\/01\/500_500_productGfx_4c1ee2891846ecc9f866d5f289b0e717-300x300.jpg 300w, https:\/\/amora.com.pl\/wp-content\/uploads\/2026\/01\/500_500_productGfx_4c1ee2891846ecc9f866d5f289b0e717-150x150.jpg 150w, https:\/\/amora.com.pl\/wp-content\/uploads\/2026\/01\/500_500_productGfx_4c1ee2891846ecc9f866d5f289b0e717-100x100.jpg 100w, https:\/\/amora.com.pl\/wp-content\/uploads\/2026\/01\/500_500_productGfx_4c1ee2891846ecc9f866d5f289b0e717.jpg 500w\" sizes=\"(max-width: 300px) 100vw, 300px\" \/><\/div>\n\t\t\t\t\t<div class=\"wc-block-grid__product-title\">Mi\u015b \u015bwiec\u0105cy LED z sercem na Walentynki 15 cm<\/div>\n\t\t\t\t<\/a>\n\t\t\t\t<div class=\"wc-block-grid__product-price price\"><del aria-hidden=\"true\"><span class=\"woocommerce-Price-amount amount\">89,99&nbsp;<span class=\"woocommerce-Price-currencySymbol\">&#122;&#322;<\/span><\/span><\/del> <span class=\"screen-reader-text\">Pierwotna cena wynosi\u0142a: 89,99&nbsp;&#122;&#322;.<\/span><ins aria-hidden=\"true\"><span class=\"woocommerce-Price-amount amount\">79,99&nbsp;<span class=\"woocommerce-Price-currencySymbol\">&#122;&#322;<\/span><\/span><\/ins><span class=\"screen-reader-text\">Aktualna cena wynosi: 79,99&nbsp;&#122;&#322;.<\/span><\/div>\n\t\t\t\t\n\t\t\t\t<div class=\"wp-block-button wc-block-grid__product-add-to-cart\"><a href=\"\/index.php\/wp-json\/wp\/v2\/pages\/8?add-to-cart=494\" aria-label=\"Dodaj do koszyka: &bdquo;Mi\u015b \u015bwiec\u0105cy LED z sercem na Walentynki 15 cm&rdquo;\" data-quantity=\"1\" data-product_id=\"494\" data-product_sku=\"\" data-price=\"79.99\" rel=\"nofollow\" class=\"wp-block-button__link  add_to_cart_button ajax_add_to_cart\">Dodaj do koszyka<\/a><\/div>\n\t\t\t<\/li><li class=\"wc-block-grid__product\">\n\t\t\t\t<a href=\"https:\/\/amora.com.pl\/index.php\/produkt\/luksusowy-flowerbox-z-kwiatow-mydlanych-prezent-ktory-mowi-wiecej-niz-slowa\/\" class=\"wc-block-grid__product-link\">\n\t\t\t\t\t\n\t\t\t\t\t<div class=\"wc-block-grid__product-image\"><img decoding=\"async\" width=\"300\" height=\"300\" src=\"https:\/\/amora.com.pl\/wp-content\/uploads\/2026\/01\/flowerbox-3-300x300.png\" class=\"attachment-woocommerce_thumbnail size-woocommerce_thumbnail\" alt=\"Luksusowy Flowerbox z Kwiat\u00f3w Mydlanych \u2013 Prezent, kt\u00f3ry m\u00f3wi wi\u0119cej ni\u017c s\u0142owa\" srcset=\"https:\/\/amora.com.pl\/wp-content\/uploads\/2026\/01\/flowerbox-3-300x300.png 300w, https:\/\/amora.com.pl\/wp-content\/uploads\/2026\/01\/flowerbox-3-1024x1024.png 1024w, https:\/\/amora.com.pl\/wp-content\/uploads\/2026\/01\/flowerbox-3-150x150.png 150w, https:\/\/amora.com.pl\/wp-content\/uploads\/2026\/01\/flowerbox-3-768x768.png 768w, https:\/\/amora.com.pl\/wp-content\/uploads\/2026\/01\/flowerbox-3-1536x1536.png 1536w, https:\/\/amora.com.pl\/wp-content\/uploads\/2026\/01\/flowerbox-3-600x600.png 600w, https:\/\/amora.com.pl\/wp-content\/uploads\/2026\/01\/flowerbox-3-1320x1320.png 1320w, https:\/\/amora.com.pl\/wp-content\/uploads\/2026\/01\/flowerbox-3-100x100.png 100w, https:\/\/amora.com.pl\/wp-content\/uploads\/2026\/01\/flowerbox-3.png 1600w\" sizes=\"(max-width: 300px) 100vw, 300px\" \/><\/div>\n\t\t\t\t\t<div class=\"wc-block-grid__product-title\">Luksusowy Flowerbox z Kwiat\u00f3w Mydlanych \u2013 Prezent, kt\u00f3ry m\u00f3wi wi\u0119cej ni\u017c s\u0142owa<\/div>\n\t\t\t\t<\/a>\n\t\t\t\t<div class=\"wc-block-grid__product-price price\"><span class=\"woocommerce-Price-amount amount\">129,99&nbsp;<span class=\"woocommerce-Price-currencySymbol\">&#122;&#322;<\/span><\/span><\/div>\n\t\t\t\t\n\t\t\t\t<div class=\"wp-block-button wc-block-grid__product-add-to-cart\"><a href=\"\/index.php\/wp-json\/wp\/v2\/pages\/8?add-to-cart=416\" aria-label=\"Dodaj do koszyka: &bdquo;Luksusowy Flowerbox z Kwiat\u00f3w Mydlanych \u2013 Prezent, kt\u00f3ry m\u00f3wi wi\u0119cej ni\u017c s\u0142owa&rdquo;\" data-quantity=\"1\" data-product_id=\"416\" data-product_sku=\"\" data-price=\"129.99\" rel=\"nofollow\" class=\"wp-block-button__link  add_to_cart_button ajax_add_to_cart\">Dodaj do koszyka<\/a><\/div>\n\t\t\t<\/li><li class=\"wc-block-grid__product\">\n\t\t\t\t<a href=\"https:\/\/amora.com.pl\/index.php\/produkt\/zestaw-kubek-herbata-dla-zakochanych-walentynki\/\" class=\"wc-block-grid__product-link\">\n\t\t\t\t\t\n\t\t\t\t\t<div class=\"wc-block-grid__product-image\"><img decoding=\"async\" width=\"300\" height=\"300\" src=\"https:\/\/amora.com.pl\/wp-content\/uploads\/2026\/01\/ChatGPT-Image-16-sty-2026-16_25_04-300x300.png\" class=\"attachment-woocommerce_thumbnail size-woocommerce_thumbnail\" alt=\"Zestaw KUBEK + HERBATA \u2013 dla zakochanych \u2013 Walentynki\" srcset=\"https:\/\/amora.com.pl\/wp-content\/uploads\/2026\/01\/ChatGPT-Image-16-sty-2026-16_25_04-300x300.png 300w, https:\/\/amora.com.pl\/wp-content\/uploads\/2026\/01\/ChatGPT-Image-16-sty-2026-16_25_04-150x150.png 150w, https:\/\/amora.com.pl\/wp-content\/uploads\/2026\/01\/ChatGPT-Image-16-sty-2026-16_25_04-768x768.png 768w, https:\/\/amora.com.pl\/wp-content\/uploads\/2026\/01\/ChatGPT-Image-16-sty-2026-16_25_04-600x600.png 600w, https:\/\/amora.com.pl\/wp-content\/uploads\/2026\/01\/ChatGPT-Image-16-sty-2026-16_25_04-100x100.png 100w, https:\/\/amora.com.pl\/wp-content\/uploads\/2026\/01\/ChatGPT-Image-16-sty-2026-16_25_04.png 1024w\" sizes=\"(max-width: 300px) 100vw, 300px\" \/><\/div>\n\t\t\t\t\t<div class=\"wc-block-grid__product-title\">Zestaw KUBEK + HERBATA \u2013 dla zakochanych \u2013 Walentynki<\/div>\n\t\t\t\t<\/a>\n\t\t\t\t<div class=\"wc-block-grid__product-price price\"><span class=\"woocommerce-Price-amount amount\">79,99&nbsp;<span class=\"woocommerce-Price-currencySymbol\">&#122;&#322;<\/span><\/span><\/div>\n\t\t\t\t\n\t\t\t\t<div class=\"wp-block-button wc-block-grid__product-add-to-cart\"><a href=\"\/index.php\/wp-json\/wp\/v2\/pages\/8?add-to-cart=329\" aria-label=\"Dodaj do koszyka: &bdquo;Zestaw KUBEK + HERBATA \u2013 dla zakochanych \u2013 Walentynki&rdquo;\" data-quantity=\"1\" data-product_id=\"329\" data-product_sku=\"\" data-price=\"79.99\" rel=\"nofollow\" class=\"wp-block-button__link  add_to_cart_button ajax_add_to_cart\">Dodaj do koszyka<\/a><\/div>\n\t\t\t<\/li><li class=\"wc-block-grid__product\">\n\t\t\t\t<a href=\"https:\/\/amora.com.pl\/index.php\/produkt\/ekskluzywny-bukiet-kwiatow-mydlanych-w-eleganckim-flowerboxie\/\" class=\"wc-block-grid__product-link\">\n\t\t\t\t\t\n\t\t\t\t\t<div class=\"wc-block-grid__product-image\"><img loading=\"lazy\" decoding=\"async\" width=\"300\" height=\"300\" src=\"https:\/\/amora.com.pl\/wp-content\/uploads\/2026\/01\/Box-4-300x300.png\" class=\"attachment-woocommerce_thumbnail size-woocommerce_thumbnail\" alt=\"Ekskluzywny bukiet kwiat\u00f3w mydlanych w eleganckim flowerboxie\" srcset=\"https:\/\/amora.com.pl\/wp-content\/uploads\/2026\/01\/Box-4-300x300.png 300w, https:\/\/amora.com.pl\/wp-content\/uploads\/2026\/01\/Box-4-1024x1024.png 1024w, https:\/\/amora.com.pl\/wp-content\/uploads\/2026\/01\/Box-4-150x150.png 150w, https:\/\/amora.com.pl\/wp-content\/uploads\/2026\/01\/Box-4-768x768.png 768w, https:\/\/amora.com.pl\/wp-content\/uploads\/2026\/01\/Box-4-1536x1536.png 1536w, https:\/\/amora.com.pl\/wp-content\/uploads\/2026\/01\/Box-4-1320x1320.png 1320w, https:\/\/amora.com.pl\/wp-content\/uploads\/2026\/01\/Box-4-600x600.png 600w, https:\/\/amora.com.pl\/wp-content\/uploads\/2026\/01\/Box-4-100x100.png 100w, https:\/\/amora.com.pl\/wp-content\/uploads\/2026\/01\/Box-4.png 1600w\" sizes=\"(max-width: 300px) 100vw, 300px\" \/><\/div>\n\t\t\t\t\t<div class=\"wc-block-grid__product-title\">Ekskluzywny bukiet kwiat\u00f3w mydlanych w eleganckim flowerboxie<\/div>\n\t\t\t\t<\/a>\n\t\t\t\t<div class=\"wc-block-grid__product-price price\"><span class=\"woocommerce-Price-amount amount\">59,99&nbsp;<span class=\"woocommerce-Price-currencySymbol\">&#122;&#322;<\/span><\/span><\/div>\n\t\t\t\t\n\t\t\t\t<div class=\"wp-block-button wc-block-grid__product-add-to-cart\"><a href=\"\/index.php\/wp-json\/wp\/v2\/pages\/8?add-to-cart=127\" aria-label=\"Dodaj do koszyka: &bdquo;Ekskluzywny bukiet kwiat\u00f3w mydlanych w eleganckim flowerboxie&rdquo;\" data-quantity=\"1\" data-product_id=\"127\" data-product_sku=\"\" data-price=\"59.99\" rel=\"nofollow\" class=\"wp-block-button__link  add_to_cart_button ajax_add_to_cart\">Dodaj do koszyka<\/a><\/div>\n\t\t\t<\/li><\/ul><\/div><\/div>\n<\/div>\n","protected":false},"excerpt":{"rendered":"","protected":false},"author":1,"featured_media":0,"parent":0,"menu_order":0,"comment_status":"closed","ping_status":"closed","template":"","meta":{"ocean_post_layout":"","ocean_both_sidebars_style":"","ocean_both_sidebars_content_width":0,"ocean_both_sidebars_sidebars_width":0,"ocean_sidebar":"","ocean_second_sidebar":"","ocean_disable_margins":"enable","ocean_add_body_class":"","ocean_shortcode_before_top_bar":"","ocean_shortcode_after_top_bar":"","ocean_shortcode_before_header":"","ocean_shortcode_after_header":"","ocean_has_shortcode":"","ocean_shortcode_after_title":"","ocean_shortcode_before_footer_widgets":"","ocean_shortcode_after_footer_widgets":"","ocean_shortcode_before_footer_bottom":"","ocean_shortcode_after_footer_bottom":"","ocean_display_top_bar":"default","ocean_display_header":"default","ocean_header_style":"","ocean_center_header_left_menu":"","ocean_custom_header_template":"","ocean_custom_logo":0,"ocean_custom_retina_logo":0,"ocean_custom_logo_max_width":0,"ocean_custom_logo_tablet_max_width":0,"ocean_custom_logo_mobile_max_width":0,"ocean_custom_logo_max_height":0,"ocean_custom_logo_tablet_max_height":0,"ocean_custom_logo_mobile_max_height":0,"ocean_header_custom_menu":"","ocean_menu_typo_font_family":"","ocean_menu_typo_font_subset":"","ocean_menu_typo_font_size":0,"ocean_menu_typo_font_size_tablet":0,"ocean_menu_typo_font_size_mobile":0,"ocean_menu_typo_font_size_unit":"px","ocean_menu_typo_font_weight":"","ocean_menu_typo_font_weight_tablet":"","ocean_menu_typo_font_weight_mobile":"","ocean_menu_typo_transform":"","ocean_menu_typo_transform_tablet":"","ocean_menu_typo_transform_mobile":"","ocean_menu_typo_line_height":0,"ocean_menu_typo_line_height_tablet":0,"ocean_menu_typo_line_height_mobile":0,"ocean_menu_typo_line_height_unit":"","ocean_menu_typo_spacing":0,"ocean_menu_typo_spacing_tablet":0,"ocean_menu_typo_spacing_mobile":0,"ocean_menu_typo_spacing_unit":"","ocean_menu_link_color":"","ocean_menu_link_color_hover":"","ocean_menu_link_color_active":"","ocean_menu_link_background":"","ocean_menu_link_hover_background":"","ocean_menu_link_active_background":"","ocean_menu_social_links_bg":"","ocean_menu_social_hover_links_bg":"","ocean_menu_social_links_color":"","ocean_menu_social_hover_links_color":"","ocean_disable_title":"default","ocean_disable_heading":"default","ocean_post_title":"","ocean_post_subheading":"","ocean_post_title_style":"","ocean_post_title_background_color":"","ocean_post_title_background":0,"ocean_post_title_bg_image_position":"","ocean_post_title_bg_image_attachment":"","ocean_post_title_bg_image_repeat":"","ocean_post_title_bg_image_size":"","ocean_post_title_height":0,"ocean_post_title_bg_overlay":0.5,"ocean_post_title_bg_overlay_color":"","ocean_disable_breadcrumbs":"default","ocean_breadcrumbs_color":"","ocean_breadcrumbs_separator_color":"","ocean_breadcrumbs_links_color":"","ocean_breadcrumbs_links_hover_color":"","ocean_display_footer_widgets":"default","ocean_display_footer_bottom":"default","ocean_custom_footer_template":"","footnotes":""},"class_list":["post-8","page","type-page","status-publish","hentry","entry","owp-thumbs-layout-horizontal","owp-btn-normal","owp-tabs-layout-horizontal","has-no-thumbnails","has-product-nav"],"jetpack_sharing_enabled":true,"_links":{"self":[{"href":"https:\/\/amora.com.pl\/index.php\/wp-json\/wp\/v2\/pages\/8","targetHints":{"allow":["GET"]}}],"collection":[{"href":"https:\/\/amora.com.pl\/index.php\/wp-json\/wp\/v2\/pages"}],"about":[{"href":"https:\/\/amora.com.pl\/index.php\/wp-json\/wp\/v2\/types\/page"}],"author":[{"embeddable":true,"href":"https:\/\/amora.com.pl\/index.php\/wp-json\/wp\/v2\/users\/1"}],"replies":[{"embeddable":true,"href":"https:\/\/amora.com.pl\/index.php\/wp-json\/wp\/v2\/comments?post=8"}],"version-history":[{"count":1,"href":"https:\/\/amora.com.pl\/index.php\/wp-json\/wp\/v2\/pages\/8\/revisions"}],"predecessor-version":[{"id":60,"href":"https:\/\/amora.com.pl\/index.php\/wp-json\/wp\/v2\/pages\/8\/revisions\/60"}],"wp:attachment":[{"href":"https:\/\/amora.com.pl\/index.php\/wp-json\/wp\/v2\/media?parent=8"}],"curies":[{"name":"wp","href":"https:\/\/api.w.org\/{rel}","templated":true}]}}